{"id":652,"date":"2015-01-04T15:33:51","date_gmt":"2015-01-04T14:33:51","guid":{"rendered":"http:\/\/themify.me\/demo\/themes\/blogfolio\/?page_id=652"},"modified":"2022-09-26T14:06:36","modified_gmt":"2022-09-26T13:06:36","slug":"accueil-2","status":"publish","type":"page","link":"https:\/\/catecheses.org\/site\/?page_id=652","title":{"rendered":"Accueil"},"content":{"rendered":"<h2>Bienvenue sur le site \u00a0CAT\u00c9CH\u00c8SES.ORG<\/h2>\n<h3>Cr\u00e9\u00e9 en janvier 2015, ce site est consacr\u00e9 essentiellement\u00a0 \u00e0 la Cat\u00e9ch\u00e8se biblique\u00a0 et \u00e0 l\u2019\u00c9criture sainte lue en \u00c9glise.<\/h3>\n<h3>Il est con\u00e7u \u00a0comme une aide pour les cat\u00e9chistes et les pr\u00eatres, mais aussi pour tous ceux qui veulent se nourrir de la Parole de Dieu.<\/h3>\n<h3>Le site\u00a0pr\u00e9sente\u00a0quatre rubriques principales dont chacune comprend 2 volets (avec sous-menus d\u00e9roulants).<\/h3>\n<h3>Une 5\u00e8me rubrique pr\u00e9sente les ouvrages des \u00c9ditions Source des P\u00e8res, avec leur sommaire.<\/h3>\n<h3><\/h3>\n<h2>POUR UN APERCU, CLIQUEZ ICI SUR :<\/h2>\n<h1>\u00a0 \u00a0<span style=\"color: #ff0000;\"><a style=\"color: #ff0000;\" href=\"https:\/\/catecheses.org\/site\/pdf\/FOLDER-II-du-SITE-PLAN-DETAILLE.jpg\">SCH\u00c9MA G\u00c9N\u00c9RAL du SITE<\/a><\/span><\/h1>\n<h3>La couleur indique le degr\u00e9 de difficult\u00e9 :<\/h3>\n<h2><span style=\"color: #000000;\">VERT<\/span> : <span style=\"text-decoration: underline;\">CAT\u00c9CHESE BIBLIQUE<\/span>\u00a0 \u00a0et\u00a0 \u00a0<span style=\"text-decoration: underline;\">INITIATION CHR\u00c9TIENNE <\/span><\/h2>\n<h3>\u00a0 \u00a0 =\u00a0Enseignements \u00e9l\u00e9mentaires n\u00e9cessaires pour tous :<\/h3>\n<h3>\u00a0 \u00a0 \u00a0 \u00a0 \u00a0 1er VOLET : une cat\u00e9ch\u00e8se biblique compl\u00e8te,\u00a0\u00a0de la Gen\u00e8se aux Actes des Ap\u00f4tres,<\/h3>\n<h3>\u00a0 \u00a0 \u00a0 \u00a0 \u00a0 \u00a0 \u00a0 \u00a0 \u00a0 avec dessins originaux de l&rsquo;abb\u00e9 Weets ;<\/h3>\n<h3>\u00a0 \u00a0 \u00a0 \u00a0 \u00a0 2e VOLET : un cours d&rsquo;initiation (\u00e0 venir)\u00a0\u00a0\u00e0 la Doctrine de l&rsquo;\u00c9glise catholique.<\/h3>\n<h2><span style=\"color: #000000;\">BEIGE<\/span> :\u00a0 <span style=\"text-decoration: underline;\">PAROLE<\/span>\u00a0 \u00a0 et\u00a0 \u00a0<span style=\"text-decoration: underline;\">SACREMENTS<\/span><\/h2>\n<h3>\u00a0 \u00a0 \u00a0 \u00a0 \u00a0 1er VOLET : Les Dimanches et F\u00eates des 3 ann\u00e9es\u00a0 liturgiques\u00a0 A B C<\/h3>\n<h3>\u00a0 \u00a0 \u00a0 \u00a0 \u00a0 \u00a0 (A : r\u00e9alis\u00e9 ; <span style=\"color: #ff0000;\"><span style=\"color: #000000;\">B r\u00e9alis\u00e9 et \u00e0 parachever ; C r\u00e9alis\u00e9 et \u00e0 parachever<\/span><\/span><span style=\"color: #000000;\">)<\/span> :<\/h3>\n<h3>\u00a0 \u00a0 \u00a0 \u00a0 \u00a0 \u00a0 \u00a0 \u00a0 &#8211; 01 <span style=\"color: #339966;\">Traductions litt\u00e9rales<\/span><\/h3>\n<h3>\u00a0 \u00a0 \u00a0 \u00a0 \u00a0 \u00a0 \u00a0 \u00a0 &#8211; 02 <span style=\"color: #339966;\">Commentaires des P\u00e8res et autres commentateurs<\/span><\/h3>\n<h2>\u00a0 \u00a0 \u00a0 \u00a0 \u00a0 \u00a0 &#8211; 03 <span style=\"color: #339966;\"><strong>Commentaire in\u00e9dit, minutieux,\u00a0\u00a0<\/strong><\/span><span style=\"color: #339966;\"><strong>approfondi et exigeant\u00a0\u00a0<\/strong><\/span><span style=\"color: #339966;\"><strong>des\u00a0<\/strong><\/span><span style=\"color: #339966;\">3 lectures dominicales, d\u00fb essentiellement \u00e0 l&rsquo;abb\u00e9 G\u00e9rard Weets. <\/span><\/h2>\n<h2><span style=\"color: #339966;\">\u00a0\u00ab\u00a0C&rsquo;est plus fort que les P\u00e8res de l&rsquo;\u00c9glise !\u00a0\u00bb\u00a0 \u00a0 \u00a0 \u00a0 \u00a0 \u00a0 \u00a0 \u00a0 \u00a0 \u00a0 \u00a0 \u00a0 \u00a0 \u00a0 \u00a0 \u00a0 \u00a0 \u00a0(Une carm\u00e9lite belge).<\/span><\/h2>\n<h3>\u00a0 \u00a0 \u00a0 \u00a0 \u00a0 \u00a0 \u00a0 \u00a0 &#8211; 04 <span style=\"color: #008000;\">HOM\u00c9LIE<\/span>. De dimanche en dimanche, ces hom\u00e9lies de l&rsquo;abb\u00e9 Weets, qui portent uniquement sur l&rsquo;\u00c9vangile, offrent une v\u00e9ritable \u00e9cole de solide spiritualit\u00e9.\u00a0 S&rsquo;il nous a \u00e9t\u00e9 impossible de les retrouver toutes, la lecture de celles qui ont \u00e9t\u00e9 sauvegard\u00e9es permettront \u00e0 tous ceux qui les m\u00e9diteront avec attention, de d\u00e9couvrir, entre autres, que nous ne soup\u00e7onnons pas ce que c&rsquo;est qu&rsquo;\u00eatre chr\u00e9tien, ce que signifie concr\u00e8tement croire, mettre r\u00e9ellement toute sa foi en J\u00e9sus Christ.<\/h3>\n<h3>\u00a0 \u00a0 \u00a0 \u00a0 \u00a0 A l&rsquo;occasion :<\/h3>\n<h3>\u00a0 \u00a0 \u00a0 \u00a0 \u00a0 \u00a0 \u00a0 \u00a0 &#8211; 05\u00a0Notes de travail et th\u00e8mes bibliques<\/h3>\n<h3>\u00a0 \u00a0 \u00a0 \u00a0 \u00a0 \u00a0 \u00a0 \u00a0 &#8211; 06\u00a0Suggestions \u00e9ventuelles de lectures.<\/h3>\n<h4>\u00a0 \u00a0 \u00a0 \u00a0 \u00a0 <em>\u00a0 \u00a0 \u00a0 Sauf notification, la traduction litt\u00e9rale,\u00a0 le commentaire des textes des dimanches et les hom\u00e9lies sont exclusivement ceux de l&rsquo;abb\u00e9 G\u00e9rard Weets (1925-2015)<\/em>.<\/h4>\n<h3>\u00a0 \u00a0 \u00a0 \u00a0 \u00a0 2e VOLET : Documents pour \u00e9clairer\u00a0 les 7 sacrements de l&rsquo;\u00c9glise.<\/h3>\n<h2>MAUVE\u00a0:\u00a0<span style=\"text-decoration: underline;\">TH\u00c8MES BIBLIQUES<\/span>\u00a0 \u00a0 et\u00a0 \u00a0 <span style=\"text-decoration: underline;\">OUTILS BIBLIQUES<\/span><\/h2>\n<h3>\u00a0 \u00a0 \u00a0 \u00a0 \u00a0\u00a01er VOLET : Th\u00e8mes bibliques :<\/h3>\n<h3>\u00a0 \u00a0 \u00a0 \u00a0 \u00a0 \u00a0 \u00a0 \u00a0 Nous avons fait para\u00eetre :<\/h3>\n<h3>\u00a0 \u00a0<em>\u00ab\u00a0Initiation \u00e0 la m\u00e9thode spirituelle et patristique du th\u00e8me biblique\u00a0\u00bb <\/em>(2017)\u00a0pour le travail personnel d&rsquo;approfondissement th\u00e9matique de l&rsquo;\u00c9criture\u00a0 (Voir Sommaire et Pr\u00e9sentation sous la 5e rubrique : \u00c9ditions Source des P\u00e8res).<\/h3>\n<h3>\u00a0 \u00a0 \u00a0 \u00a0 \u00a0 2e VOLET : Outils bibliques divers dont\u00a0 cartes, plans, sch\u00e9mas\u00a0 pour aider \u00e0 l&rsquo;\u00e9tude de l&rsquo;\u00c9criture.<\/h3>\n<h2>ROUGE : &#8211; <u>\u00c9TUDES TH\u00c9OLOGIQUES<\/u>\u00a0 \u00a0 \u00a0<u>sur l&rsquo;\u00c9CRITURE SAINTE<\/u>\u00a0 \u00a0 et \u00a0<span style=\"text-decoration: underline;\">COMMENTAIRES BIBLIQUES<\/span><\/h2>\n<h3>\u00a0 \u00a0 \u00a0 \u00a0 \u00a0 1er VOLET : \u00c9tudes approfondies (\u00e0 venir)\u00a0principalement de l&rsquo;abb\u00e9 Weets.<\/h3>\n<h3>\u00a0 \u00a0 \u00a0 \u00a0 \u00a0 2e VOLET : Commentaires ex\u00e9g\u00e9tiques de livres ou de passages bibliques.<\/h3>\n<h3>\u00a0 \u00a0 \u00a0 \u00a0 \u00a0 \u00a0 \u00a0 &#8211; \u00a0<span style=\"text-decoration: underline;\">PERLES\u00a0<\/span>des P\u00e8res et autres auteurs\u00a0 \u00e0 propos de\u00a0la Parole de Dieu.<\/h3>\n","protected":false},"excerpt":{"rendered":"<p>Bienvenue sur le site \u00a0CAT\u00c9CH\u00c8SES.ORG Cr\u00e9\u00e9 en janvier 2015, ce site est consacr\u00e9 essentiellement\u00a0 \u00e0 la Cat\u00e9ch\u00e8se biblique\u00a0 et \u00e0 l\u2019\u00c9criture sainte lue en \u00c9glise. Il est con\u00e7u \u00a0comme une aide pour les cat\u00e9chistes et les pr\u00eatres, mais aussi pour tous ceux qui veulent se nourrir de la Parole de Dieu. Le site\u00a0pr\u00e9sente\u00a0quatre rubriques principales [&hellip;]<\/p>\n","protected":false},"author":1,"featured_media":0,"parent":0,"menu_order":0,"comment_status":"closed","ping_status":"closed","template":"","meta":{"footnotes":""},"class_list":["post-652","page","type-page","status-publish","hentry"],"_links":{"self":[{"href":"https:\/\/catecheses.org\/site\/index.php?rest_route=\/wp\/v2\/pages\/652","targetHints":{"allow":["GET"]}}],"collection":[{"href":"https:\/\/catecheses.org\/site\/index.php?rest_route=\/wp\/v2\/pages"}],"about":[{"href":"https:\/\/catecheses.org\/site\/index.php?rest_route=\/wp\/v2\/types\/page"}],"author":[{"embeddable":true,"href":"https:\/\/catecheses.org\/site\/index.php?rest_route=\/wp\/v2\/users\/1"}],"replies":[{"embeddable":true,"href":"https:\/\/catecheses.org\/site\/index.php?rest_route=%2Fwp%2Fv2%2Fcomments&post=652"}],"version-history":[{"count":90,"href":"https:\/\/catecheses.org\/site\/index.php?rest_route=\/wp\/v2\/pages\/652\/revisions"}],"predecessor-version":[{"id":5550,"href":"https:\/\/catecheses.org\/site\/index.php?rest_route=\/wp\/v2\/pages\/652\/revisions\/5550"}],"wp:attachment":[{"href":"https:\/\/catecheses.org\/site\/index.php?rest_route=%2Fwp%2Fv2%2Fmedia&parent=652"}],"curies":[{"name":"wp","href":"https:\/\/api.w.org\/{rel}","templated":true}]}}