{"id":596,"date":"2011-04-03T01:17:48","date_gmt":"2011-04-03T00:17:48","guid":{"rendered":"http:\/\/themify.me\/demo\/themes\/bizco\/?page_id=596"},"modified":"2019-05-15T17:14:20","modified_gmt":"2019-05-15T16:14:20","slug":"catechese-de-lhistoire-du-salut-volume-1","status":"publish","type":"page","link":"https:\/\/catecheses.org\/site\/?page_id=596","title":{"rendered":"VOLUME 1 &#8211; 1\u00e8re Ann\u00e9e"},"content":{"rendered":"<h1><a title=\"Cat\u00e9ch\u00e8se de l\u2019Histoire du Salut Volume 1\" href=\"https:\/\/catecheses.org\/site\/?page_id=596\">1\u00e8re ANNEE<\/a><\/h1>\n<h3><span style=\"color: #ff0000;\">Pour afficher un document, cliquez sur son titre. Pour revenir \u00e0 cette page, cliquez sur le bouton \u00ab\u00a0Retour\u00a0\u00bb ou \u00ab\u00a0Reculer d&rsquo;une page\u00a0\u00bb de votre navigateur.<\/span><\/h3>\n<h4><a title=\"COUVERTURE COULEUR\" href=\"https:\/\/catecheses.org\/site\/pdf\/000%20COUVERTURE CATECHESE VOL 1 COULEUR.pdf\">COUVERTURE COULEUR<\/a>\u00a0: vous permet de r\u00e9aliser un manuel reli\u00e9 avec la couverture appropri\u00e9e en couleurs<\/h4>\n<h4><a title=\"Couverture N\/B\" href=\"https:\/\/catecheses.org\/site\/pdf\/000%20COUVERTURE CATECHESE VOL 1 INTER.pdf\">COUVERTURE\u00a0N\/B<\/a> : page d&rsquo;int\u00e9rieur\u00a0noir et blanc<\/h4>\n<h4><a title=\"01 EZECHIEL 37\" href=\"https:\/\/catecheses.org\/site\/pdf\/01%20EZECHIEL 37.pdf\">01 EZECHIEL 37<\/a><\/h4>\n<h4><a title=\"02 SPEYR PRIERE\" href=\"https:\/\/catecheses.org\/site\/pdf\/02 SPEYR PRIERE.pdf\">02 SPEYR PRIERE<\/a><\/h4>\n<h4><a title=\"03 AVERTISSEMENTS\" href=\"https:\/\/catecheses.org\/site\/pdf\/03%20AVERTISSEMENTS.pdf\">03 AVERTISSEMENTS<\/a><\/h4>\n<h4><a title=\"04 PLAN CATECHESE VOLUME 1\" href=\"https:\/\/catecheses.org\/site\/pdf\/04%20PLAN CATECHESE VOLUME 1.pdf\">04 PLAN CATECHESE VOLUME 1<\/a><\/h4>\n<h4><a title=\"05 ORIENTATIONS GENERALES et LIGNES du COURS\" href=\"https:\/\/catecheses.org\/site\/pdf\/05%20ORIENTATIONS GENERALES et LIGNES du COURS.pdf\">05 ORIENTATIONS GENERALES et LIGNES du COURS<\/a><\/h4>\n<h4><a title=\"CATE 01 SITUER\" href=\"https:\/\/catecheses.org\/site\/pdf\/CATE%2001 SITUER.pdf\">CATE 01 SITUER<\/a><\/h4>\n<h4><a title=\"CATE 02 VIE de JESUS et ECRITURES\" href=\"https:\/\/catecheses.org\/site\/pdf\/CATE%2002 VIE de JESUS et ECRITURES.pdf\">CATE 02 VIE de JESUS et ECRITURES<\/a><\/h4>\n<h4><a title=\"CATE 03 VIE de JESUS et LITURGIE\" href=\"https:\/\/catecheses.org\/site\/pdf\/CATE%2003 VIE de JESUS et LITURGIE.pdf\">CATE 03 VIE de JESUS et LITURGIE<\/a><\/h4>\n<h4><a title=\"CATE 04 DIEU et sa CREATION\" href=\"https:\/\/catecheses.org\/site\/pdf\/CATE%2004 DIEU et sa CREATION.pdf\">CATE 04 DIEU et sa CREATION<\/a><\/h4>\n<h4><a title=\"CATE 05 PRESENCE de DIEU\" href=\"https:\/\/catecheses.org\/site\/pdf\/CATE%2005 PRESENCE de DIEU.pdf\">CATE 05 PRESENCE de DIEU<\/a><\/h4>\n<h4><a title=\"CATE 06 UNIVERS\" href=\"https:\/\/catecheses.org\/site\/pdf\/CATE%2006 UNIVERS.pdf\">CATE 06 UNIVERS<\/a><\/h4>\n<h4><a title=\"CATE 07 HOMME\" href=\"https:\/\/catecheses.org\/site\/pdf\/CATE%2007 HOMME.pdf\">CATE 07 HOMME<\/a><\/h4>\n<h4><a title=\"CATE 08 PECHE\" href=\"https:\/\/catecheses.org\/site\/pdf\/CATE%2008 PECHE.pdf\">CATE 08 PECHE<\/a><\/h4>\n<h4><a title=\"CATE 09 ABEL\" href=\"https:\/\/catecheses.org\/site\/pdf\/CATE%2009 ABEL.pdf\">CATE 09 ABEL<\/a><\/h4>\n<h4><a title=\"CATE 10 DELUGE\" href=\"https:\/\/catecheses.org\/site\/pdf\/CATE%2010 DELUGE.pdf\">CATE 10 DELUGE<\/a><\/h4>\n<h4><a title=\"CATE 11 BABEL.pdf\" href=\"https:\/\/catecheses.org\/site\/pdf\/CATE%2011 BABEL.pdf\">CATE 11 BABEL<\/a><\/h4>\n<h4><a title=\"CATE 12 ABRAHAM\" href=\"https:\/\/catecheses.org\/site\/pdf\/CATE%2012 ABRAHAM.pdf\">CATE 12 ABRAHAM<\/a><\/h4>\n<h4><a href=\"https:\/\/catecheses.org\/site\/pdf\/CATE 13 ISAAC.pdf\">CATE 13 ISAAC<\/a><\/h4>\n<h4><a title=\"CATE 14 JACOB\" href=\"https:\/\/catecheses.org\/site\/pdf\/CATE%2014 JACOB.pdf\">CATE 14 JACOB<\/a><\/h4>\n<h4><a title=\"CATE 15 JOSEPH\" href=\"https:\/\/catecheses.org\/site\/pdf\/CATE%2015 JOSEPH.pdf\">CATE 15 JOSEPH<\/a><\/h4>\n<h4><a title=\"CATE 15bis BENEDICTIONS de JACOB\" href=\"https:\/\/catecheses.org\/site\/pdf\/CATE%2015bis BENEDICTIONS de JACOB.pdf\">CATE 15bis BENEDICTIONS de JACOB<\/a><\/h4>\n<h4><a title=\"CATE 16 ISRAEL et MOISE\" href=\"https:\/\/catecheses.org\/site\/pdf\/CATE%2016 ISRAEL et MOISE.pdf\">CATE 16 ISRAEL et MOISE<\/a><\/h4>\n<h4><a title=\"CATE 17 LE REPAS PASCAL\" href=\"https:\/\/catecheses.org\/site\/pdf\/CATE%2017 LE REPAS PASCAL.pdf\">CATE 17 LE REPAS PASCAL<\/a><\/h4>\n<h4><a title=\"CATE 18 PASSAGE MER ROUGE\" href=\"https:\/\/catecheses.org\/site\/pdf\/CATE%2018 PASSAGE MER ROUGE.pdf\">CATE 18 PASSAGE MER ROUGE<\/a><\/h4>\n<h4><a title=\"CATE 19 ALLIANCE\" href=\"https:\/\/catecheses.org\/site\/pdf\/CATE%2019 ALLIANCE.pdf\">CATE 19 ALLIANCE<\/a><\/h4>\n<h4><a title=\"CATE 20 RUPTURE ALLIANCE\" href=\"https:\/\/catecheses.org\/site\/pdf\/CATE%2020 RUPTURE ALLIANCE.pdf\">CATE 20 RUPTURE ALLIANCE<\/a><\/h4>\n<h4><a title=\"CATE 20bis LES 10 PAROLES\" href=\"https:\/\/catecheses.org\/site\/pdf\/CATE%2020bis LES 10 PAROLES.pdf\">CATE 20bis LES 10 PAROLES<\/a><\/h4>\n<h4><a title=\"CATE 21 MARCHE au DESERT\" href=\"https:\/\/catecheses.org\/site\/pdf\/CATE%2021 MARCHE au DESERT.pdf\">CATE 21 MARCHE au DESERT<\/a><\/h4>\n<h4><a title=\"CATE 21bis PECHE de BAAL-PEOR\" href=\"https:\/\/catecheses.org\/site\/pdf\/CATE%2021bis PECHE de BAAL-PEOR.pdf\">CATE 21bis PECHE de BAAL-PEOR<\/a><\/h4>\n<h4><a title=\"CATE 22 JOSUE\" href=\"https:\/\/catecheses.org\/site\/pdf\/CATE%2022 JOSUE.pdf\">CATE 22 JOSUE<\/a><\/h4>\n<h4><a title=\"CATE 23 GEDEON\" href=\"https:\/\/catecheses.org\/site\/pdf\/CATE%2023 GEDEON.pdf\">CATE 23 GEDEON<\/a><\/h4>\n<h4><a title=\"CATE 24 SAMSON\" href=\"https:\/\/catecheses.org\/site\/pdf\/CATE%2024 SAMSON.pdf\">CATE 24 SAMSON<\/a><\/h4>\n<h4><a title=\"CATE 25 SAMUEL\" href=\"https:\/\/catecheses.org\/site\/pdf\/CATE%2025 SAMUEL.pdf\">CATE 25 SAMUEL<\/a><\/h4>\n<h4><a title=\"CATE 26 SAUL\" href=\"https:\/\/catecheses.org\/site\/pdf\/CATE%2026 SAUL.pdf\">CATE 26 SAUL<\/a><\/h4>\n<h4><a title=\"CATE 27 SAUL et DAVID\" href=\"https:\/\/catecheses.org\/site\/pdf\/CATE%2027 SAUL et DAVID.pdf\">CATE 27 SAUL et DAVID<\/a><\/h4>\n<h4><a title=\"CATE 28 DAVID le ROI\" href=\"https:\/\/catecheses.org\/site\/pdf\/CATE%2028 DAVID le ROI.pdf\">CATE 28 DAVID le ROI<\/a><\/h4>\n<h4><a title=\"CATE 29 DAVID PENITENT\" href=\"https:\/\/catecheses.org\/site\/pdf\/CATE%2029 DAVID PENITENT.pdf\">CATE 29 DAVID PENITENT<\/a><\/h4>\n<h4><a title=\"CATE 30 SALOMON\" href=\"https:\/\/catecheses.org\/site\/pdf\/CATE%2030 SALOMON.pdf\">CATE 30 SALOMON<\/a><\/h4>\n<h3>FIN du VOLUME I<\/h3>\n","protected":false},"excerpt":{"rendered":"<p>1\u00e8re ANNEE Pour afficher un document, cliquez sur son titre. Pour revenir \u00e0 cette page, cliquez sur le bouton \u00ab\u00a0Retour\u00a0\u00bb ou \u00ab\u00a0Reculer d&rsquo;une page\u00a0\u00bb de votre navigateur. COUVERTURE COULEUR\u00a0: vous permet de r\u00e9aliser un manuel reli\u00e9 avec la couverture appropri\u00e9e en couleurs COUVERTURE\u00a0N\/B : page d&rsquo;int\u00e9rieur\u00a0noir et blanc 01 EZECHIEL 37 02 SPEYR PRIERE 03 [&hellip;]<\/p>\n","protected":false},"author":1,"featured_media":0,"parent":3626,"menu_order":1,"comment_status":"closed","ping_status":"closed","template":"","meta":{"footnotes":""},"class_list":["post-596","page","type-page","status-publish","hentry"],"_links":{"self":[{"href":"https:\/\/catecheses.org\/site\/index.php?rest_route=\/wp\/v2\/pages\/596","targetHints":{"allow":["GET"]}}],"collection":[{"href":"https:\/\/catecheses.org\/site\/index.php?rest_route=\/wp\/v2\/pages"}],"about":[{"href":"https:\/\/catecheses.org\/site\/index.php?rest_route=\/wp\/v2\/types\/page"}],"author":[{"embeddable":true,"href":"https:\/\/catecheses.org\/site\/index.php?rest_route=\/wp\/v2\/users\/1"}],"replies":[{"embeddable":true,"href":"https:\/\/catecheses.org\/site\/index.php?rest_route=%2Fwp%2Fv2%2Fcomments&post=596"}],"version-history":[{"count":59,"href":"https:\/\/catecheses.org\/site\/index.php?rest_route=\/wp\/v2\/pages\/596\/revisions"}],"predecessor-version":[{"id":5214,"href":"https:\/\/catecheses.org\/site\/index.php?rest_route=\/wp\/v2\/pages\/596\/revisions\/5214"}],"up":[{"embeddable":true,"href":"https:\/\/catecheses.org\/site\/index.php?rest_route=\/wp\/v2\/pages\/3626"}],"wp:attachment":[{"href":"https:\/\/catecheses.org\/site\/index.php?rest_route=%2Fwp%2Fv2%2Fmedia&parent=596"}],"curies":[{"name":"wp","href":"https:\/\/api.w.org\/{rel}","templated":true}]}}