{"id":5135,"date":"2019-04-11T12:41:55","date_gmt":"2019-04-11T11:41:55","guid":{"rendered":"http:\/\/catecheses.org\/site\/?page_id=5135"},"modified":"2019-04-11T12:41:55","modified_gmt":"2019-04-11T11:41:55","slug":"c-44-pentecote","status":"publish","type":"page","link":"https:\/\/catecheses.org\/site\/?page_id=5135","title":{"rendered":"C 44 PENTEC\u00d4TE"},"content":{"rendered":"<h3><a href=\"https:\/\/catecheses.org\/site\/pdf\/C 44 PENTECOTE 01 TEXTES.pdf\">C 44 PENTEC\u00d4TE 01 TEXTES<\/a><\/h3>\n<h3><a href=\"https:\/\/catecheses.org\/site\/pdf\/C 44 PENTECOTE 02 PERES.pdf\">C 44 PENTEC\u00d4TE 02 P\u00c8RES<\/a><\/h3>\n<h3><a href=\"https:\/\/catecheses.org\/site\/pdf\/C 44 PENTECOTE 03 COMMENTAIRE.pdf\">C 44 PENTEC\u00d4TE 03 COMMENTAIRE<\/a><\/h3>\n<h3><a href=\"https:\/\/catecheses.org\/site\/pdf\/C 44 PENTECOTE 04 HOMELIE.pdf\">C 44 PENTECOTE 04 HOM\u00c9LIE<\/a><\/h3>\n<h3><a href=\"https:\/\/catecheses.org\/site\/pdf\/LA CHAIR et L ESPRIT de L HOMME SUR ROM 8.pdf\">LA CHAIR et L&rsquo;ESPRIT de L&rsquo;HOMME SUR ROM 8,8-17<\/a><\/h3>\n<h3><a href=\"https:\/\/catecheses.org\/site\/pdf\/LES 7 FRUITS DE LA RESURRECTION.pdf\">LES 7 FRUITS DE LA R\u00c9SURRECTION<\/a><\/h3>\n","protected":false},"excerpt":{"rendered":"<p>C 44 PENTEC\u00d4TE 01 TEXTES C 44 PENTEC\u00d4TE 02 P\u00c8RES C 44 PENTEC\u00d4TE 03 COMMENTAIRE C 44 PENTECOTE 04 HOM\u00c9LIE LA CHAIR et L&rsquo;ESPRIT de L&rsquo;HOMME SUR ROM 8,8-17 LES 7 FRUITS DE LA R\u00c9SURRECTION<\/p>\n","protected":false},"author":1,"featured_media":0,"parent":2495,"menu_order":44,"comment_status":"closed","ping_status":"closed","template":"","meta":{"footnotes":""},"class_list":["post-5135","page","type-page","status-publish","hentry"],"_links":{"self":[{"href":"https:\/\/catecheses.org\/site\/index.php?rest_route=\/wp\/v2\/pages\/5135","targetHints":{"allow":["GET"]}}],"collection":[{"href":"https:\/\/catecheses.org\/site\/index.php?rest_route=\/wp\/v2\/pages"}],"about":[{"href":"https:\/\/catecheses.org\/site\/index.php?rest_route=\/wp\/v2\/types\/page"}],"author":[{"embeddable":true,"href":"https:\/\/catecheses.org\/site\/index.php?rest_route=\/wp\/v2\/users\/1"}],"replies":[{"embeddable":true,"href":"https:\/\/catecheses.org\/site\/index.php?rest_route=%2Fwp%2Fv2%2Fcomments&post=5135"}],"version-history":[{"count":1,"href":"https:\/\/catecheses.org\/site\/index.php?rest_route=\/wp\/v2\/pages\/5135\/revisions"}],"predecessor-version":[{"id":5136,"href":"https:\/\/catecheses.org\/site\/index.php?rest_route=\/wp\/v2\/pages\/5135\/revisions\/5136"}],"up":[{"embeddable":true,"href":"https:\/\/catecheses.org\/site\/index.php?rest_route=\/wp\/v2\/pages\/2495"}],"wp:attachment":[{"href":"https:\/\/catecheses.org\/site\/index.php?rest_route=%2Fwp%2Fv2%2Fmedia&parent=5135"}],"curies":[{"name":"wp","href":"https:\/\/api.w.org\/{rel}","templated":true}]}}