{"id":3782,"date":"2016-12-06T01:23:54","date_gmt":"2016-12-06T00:23:54","guid":{"rendered":"http:\/\/catecheses.org\/site\/?page_id=3782"},"modified":"2019-03-14T13:35:02","modified_gmt":"2019-03-14T12:35:02","slug":"a-32-jeudi-saint","status":"publish","type":"page","link":"https:\/\/catecheses.org\/site\/?page_id=3782","title":{"rendered":"A 32 JEUDI SAINT"},"content":{"rendered":"<h3><a href=\"https:\/\/catecheses.org\/site\/pdf\/ABC 32 JEUDI SAINT 01 TEXTES.pdf\">ABC 32 JEUDI SAINT 01 TEXTES<\/a><\/h3>\n<h3><a href=\"https:\/\/catecheses.org\/site\/pdf\/ABC 32 JEUDI SAINT 02 PERES.pdf\">ABC 32 JEUDI SAINT 02 P\u00c8RES<\/a><\/h3>\n<p>&nbsp;<\/p>\n<h3><a href=\"https:\/\/catecheses.org\/site\/pdf\/ABC 32 JEUDI SAINT 04 HOMELIE A 1975.pdf\">ABC 32 JEUDI SAINT 04 HOM\u00c9LIE A 1975<\/a><\/h3>\n<h3><a href=\"https:\/\/catecheses.org\/site\/pdf\/ABC 32 JEUDI SAINT 04 HOMELIE B 1976.pdf\">ABC 32 JEUDI SAINT 04 HOM\u00c9LIE B 1976<\/a><\/h3>\n<h3><a href=\"https:\/\/catecheses.org\/site\/pdf\/THEME BIBLIQUE LAVER LES PIEDS.pdf\">TH\u00c8ME BIBLIQUE LAVER LES PIEDS<\/a><\/h3>\n<p>&nbsp;<\/p>\n<h3><\/h3>\n","protected":false},"excerpt":{"rendered":"<p>ABC 32 JEUDI SAINT 01 TEXTES ABC 32 JEUDI SAINT 02 P\u00c8RES &nbsp; ABC 32 JEUDI SAINT 04 HOM\u00c9LIE A 1975 ABC 32 JEUDI SAINT 04 HOM\u00c9LIE B 1976 TH\u00c8ME BIBLIQUE LAVER LES PIEDS &nbsp;<\/p>\n","protected":false},"author":1,"featured_media":0,"parent":2490,"menu_order":32,"comment_status":"closed","ping_status":"closed","template":"","meta":{"footnotes":""},"class_list":["post-3782","page","type-page","status-publish","hentry"],"_links":{"self":[{"href":"https:\/\/catecheses.org\/site\/index.php?rest_route=\/wp\/v2\/pages\/3782","targetHints":{"allow":["GET"]}}],"collection":[{"href":"https:\/\/catecheses.org\/site\/index.php?rest_route=\/wp\/v2\/pages"}],"about":[{"href":"https:\/\/catecheses.org\/site\/index.php?rest_route=\/wp\/v2\/types\/page"}],"author":[{"embeddable":true,"href":"https:\/\/catecheses.org\/site\/index.php?rest_route=\/wp\/v2\/users\/1"}],"replies":[{"embeddable":true,"href":"https:\/\/catecheses.org\/site\/index.php?rest_route=%2Fwp%2Fv2%2Fcomments&post=3782"}],"version-history":[{"count":2,"href":"https:\/\/catecheses.org\/site\/index.php?rest_route=\/wp\/v2\/pages\/3782\/revisions"}],"predecessor-version":[{"id":5014,"href":"https:\/\/catecheses.org\/site\/index.php?rest_route=\/wp\/v2\/pages\/3782\/revisions\/5014"}],"up":[{"embeddable":true,"href":"https:\/\/catecheses.org\/site\/index.php?rest_route=\/wp\/v2\/pages\/2490"}],"wp:attachment":[{"href":"https:\/\/catecheses.org\/site\/index.php?rest_route=%2Fwp%2Fv2%2Fmedia&parent=3782"}],"curies":[{"name":"wp","href":"https:\/\/api.w.org\/{rel}","templated":true}]}}