{"id":3512,"date":"2016-06-15T18:59:56","date_gmt":"2016-06-15T17:59:56","guid":{"rendered":"http:\/\/catecheses.org\/site\/?page_id=3512"},"modified":"2019-05-01T04:11:04","modified_gmt":"2019-05-01T03:11:04","slug":"c-58-15e-ordinaire","status":"publish","type":"page","link":"https:\/\/catecheses.org\/site\/?page_id=3512","title":{"rendered":"C 56  15e ORDINAIRE"},"content":{"rendered":"<h3><a href=\"https:\/\/catecheses.org\/site\/pdf\/C 56 15e ORDINAIRE 01 TEXTES.pdf\">C 56 15e ORDINAIRE 01 TEXTES<\/a><\/h3>\n<h3><a href=\"https:\/\/catecheses.org\/site\/pdf\/C 56 15e ORDINAIRE 02a PERES CHAINE d OR.pdf\">C 56 15e ORDINAIRE 02a P\u00c8RES CHAINE d OR<\/a><\/h3>\n<p>&nbsp;<\/p>\n<h3><a href=\"https:\/\/catecheses.org\/site\/pdf\/C 56 15e ORDINAIRE 03 COMMENTAIRE.pdf\">C 56 15e ORDINAIRE 03 COMMENTAIRE<\/a><\/h3>\n<h3><a href=\"https:\/\/catecheses.org\/site\/pdf\/C 56 15e ORDINAIRE 04 HOMELIE BON SAMARITAIN.pdf\">C 56 15e ORDINAIRE 04 HOM\u00c9LIE<\/a><\/h3>\n<h3><a href=\"https:\/\/catecheses.org\/site\/pdf\/INITIATION 189-196 CHAPITRE 13 INTERPRETER-LEGISTE.pdf\">INITIATION 189-196 CHAPITRE 13 INTERPR\u00c9TER-L\u00c9GISTE<\/a><\/h3>\n","protected":false},"excerpt":{"rendered":"<p>C 56 15e ORDINAIRE 01 TEXTES C 56 15e ORDINAIRE 02a P\u00c8RES CHAINE d OR &nbsp; C 56 15e ORDINAIRE 03 COMMENTAIRE C 56 15e ORDINAIRE 04 HOM\u00c9LIE INITIATION 189-196 CHAPITRE 13 INTERPR\u00c9TER-L\u00c9GISTE<\/p>\n","protected":false},"author":1,"featured_media":0,"parent":2495,"menu_order":56,"comment_status":"closed","ping_status":"closed","template":"","meta":{"footnotes":""},"class_list":["post-3512","page","type-page","status-publish","hentry"],"_links":{"self":[{"href":"https:\/\/catecheses.org\/site\/index.php?rest_route=\/wp\/v2\/pages\/3512","targetHints":{"allow":["GET"]}}],"collection":[{"href":"https:\/\/catecheses.org\/site\/index.php?rest_route=\/wp\/v2\/pages"}],"about":[{"href":"https:\/\/catecheses.org\/site\/index.php?rest_route=\/wp\/v2\/types\/page"}],"author":[{"embeddable":true,"href":"https:\/\/catecheses.org\/site\/index.php?rest_route=\/wp\/v2\/users\/1"}],"replies":[{"embeddable":true,"href":"https:\/\/catecheses.org\/site\/index.php?rest_route=%2Fwp%2Fv2%2Fcomments&post=3512"}],"version-history":[{"count":10,"href":"https:\/\/catecheses.org\/site\/index.php?rest_route=\/wp\/v2\/pages\/3512\/revisions"}],"predecessor-version":[{"id":5177,"href":"https:\/\/catecheses.org\/site\/index.php?rest_route=\/wp\/v2\/pages\/3512\/revisions\/5177"}],"up":[{"embeddable":true,"href":"https:\/\/catecheses.org\/site\/index.php?rest_route=\/wp\/v2\/pages\/2495"}],"wp:attachment":[{"href":"https:\/\/catecheses.org\/site\/index.php?rest_route=%2Fwp%2Fv2%2Fmedia&parent=3512"}],"curies":[{"name":"wp","href":"https:\/\/api.w.org\/{rel}","templated":true}]}}