{"id":2796,"date":"2015-02-22T08:50:36","date_gmt":"2015-02-22T07:50:36","guid":{"rendered":"http:\/\/catecheses.org\/site\/?page_id=2796"},"modified":"2015-03-02T07:47:57","modified_gmt":"2015-03-02T06:47:57","slug":"contact","status":"publish","type":"page","link":"https:\/\/catecheses.org\/site\/?page_id=2796","title":{"rendered":"Contact"},"content":{"rendered":"<p>Gr\u00e2ce au formulaire ci-dessous, vous pouvez contacter et poser une question au responsable du site.<\/p>\n<p>Merci de veiller \u00e0 ce que cette question soit pertinente et pr\u00e9cise.<\/p>\n<p>Remarque : vous devez n\u00e9cessairement remplir toutes les rubriques avant d&rsquo;envoyer votre message. Merci.<\/p>\n<p>[contact-form-7 id=\u00a0\u00bb2799&Prime; title=\u00a0\u00bbContactForm\u00a0\u00bb]<\/p>\n","protected":false},"excerpt":{"rendered":"<p>Gr\u00e2ce au formulaire ci-dessous, vous pouvez contacter et poser une question au responsable du site. Merci de veiller \u00e0 ce que cette question soit pertinente et pr\u00e9cise. Remarque : vous devez n\u00e9cessairement remplir toutes les rubriques avant d&rsquo;envoyer votre message. Merci. [contact-form-7 id=\u00a0\u00bb2799&Prime; title=\u00a0\u00bbContactForm\u00a0\u00bb]<\/p>\n","protected":false},"author":1,"featured_media":0,"parent":0,"menu_order":200,"comment_status":"closed","ping_status":"closed","template":"","meta":{"footnotes":""},"class_list":["post-2796","page","type-page","status-publish","hentry"],"_links":{"self":[{"href":"https:\/\/catecheses.org\/site\/index.php?rest_route=\/wp\/v2\/pages\/2796","targetHints":{"allow":["GET"]}}],"collection":[{"href":"https:\/\/catecheses.org\/site\/index.php?rest_route=\/wp\/v2\/pages"}],"about":[{"href":"https:\/\/catecheses.org\/site\/index.php?rest_route=\/wp\/v2\/types\/page"}],"author":[{"embeddable":true,"href":"https:\/\/catecheses.org\/site\/index.php?rest_route=\/wp\/v2\/users\/1"}],"replies":[{"embeddable":true,"href":"https:\/\/catecheses.org\/site\/index.php?rest_route=%2Fwp%2Fv2%2Fcomments&post=2796"}],"version-history":[{"count":2,"href":"https:\/\/catecheses.org\/site\/index.php?rest_route=\/wp\/v2\/pages\/2796\/revisions"}],"predecessor-version":[{"id":2800,"href":"https:\/\/catecheses.org\/site\/index.php?rest_route=\/wp\/v2\/pages\/2796\/revisions\/2800"}],"wp:attachment":[{"href":"https:\/\/catecheses.org\/site\/index.php?rest_route=%2Fwp%2Fv2%2Fmedia&parent=2796"}],"curies":[{"name":"wp","href":"https:\/\/api.w.org\/{rel}","templated":true}]}}