{"id":2493,"date":"2015-01-21T10:17:11","date_gmt":"2015-01-21T09:17:11","guid":{"rendered":"http:\/\/catecheses.org\/site\/?page_id=2493"},"modified":"2021-06-15T00:46:27","modified_gmt":"2021-06-14T23:46:27","slug":"annee-b","status":"publish","type":"page","link":"https:\/\/catecheses.org\/site\/?page_id=2493","title":{"rendered":"ANNEE B"},"content":{"rendered":"<h2><a href=\"https:\/\/catecheses.org\/site\/pdf\/INDICATIONS PREALABLES IMPORTANTES.pdf\"><span style=\"color: #ff0000;\">INDICATIONS PR\u00c9ALABLES IMPORTANTES<\/span><\/a><\/h2>\n<h3><a href=\"https:\/\/catecheses.org\/site\/pdf\/ANNEE B REFERENCES BIBLIQUES et LISTE.pdf\">PLAN ANNEE B<\/a><\/h3>\n<h3><span style=\"color: #ff0000;\">On restera attentif au fait que le plan retenu adopte un ordre fixe et ne tient pas compte de ce que certains dimanches et f\u00eates peuvent s&rsquo;intercaler diff\u00e9remment suivant les ann\u00e9es.<\/span><\/h3>\n<h3><span style=\"color: #ff0000;\"><a style=\"color: #ff0000;\" href=\"https:\/\/catecheses.org\/site\/?page_id=3234\"><strong><span style=\"color: #000000;\">1er Dimanche AVENT B<\/span><\/strong><\/a><\/span><\/h3>\n<h3><a href=\"https:\/\/catecheses.org\/site\/?page_id=4211\">8 D\u00c9CEMBRE : IMMACUL\u00c9E CONCEPTION<\/a><\/h3>\n<h3><a href=\"https:\/\/catecheses.org\/site\/?page_id=4181\">2e Dimanche AVENT B<\/a><\/h3>\n<h3><a href=\"https:\/\/catecheses.org\/site\/?page_id=4219\">3e Dimanche AVENT B<\/a><\/h3>\n<h3><a href=\"https:\/\/catecheses.org\/site\/?page_id=4225\">4e Dimanche AVENT B<\/a><\/h3>\n<h4><em><a href=\"https:\/\/catecheses.org\/site\/?page_id=4245\">NOEL VEILLE au soir B<\/a><\/em><\/h4>\n<h2><a href=\"https:\/\/catecheses.org\/site\/?page_id=4248\">NOEL NUIT<\/a><\/h2>\n<h2><a href=\"https:\/\/catecheses.org\/site\/?page_id=4235\">NOEL AURORE<\/a><\/h2>\n<h2><a href=\"https:\/\/catecheses.org\/site\/?page_id=4253\">NOEL JOUR<\/a><\/h2>\n<h3><a href=\"https:\/\/catecheses.org\/site\/?page_id=4292\">Dimanche de la SAINTE FAMILLE B<\/a><\/h3>\n<h3><a href=\"https:\/\/catecheses.org\/site\/?page_id=4307\">1er JANVIER : MARIE M\u00c8RE DE DIEU<\/a><\/h3>\n<h2><a href=\"https:\/\/catecheses.org\/site\/?page_id=4312\">\u00c9PIPHANIE<\/a><\/h2>\n<h3><a href=\"https:\/\/catecheses.org\/site\/?page_id=4324\">BAPTEME du SEIGNEUR B<\/a><\/h3>\n<h3><a href=\"https:\/\/catecheses.org\/site\/?page_id=4329\">2e Dimanche ORDINAIRE B<\/a><\/h3>\n<h3><a href=\"https:\/\/catecheses.org\/site\/?page_id=4336\">3e Dimanche ORDINAIRE B<\/a><\/h3>\n<h3><a href=\"https:\/\/catecheses.org\/site\/?page_id=4341\">4e Dimanche ORDINAIRE B<\/a><\/h3>\n<h3><a href=\"https:\/\/catecheses.org\/site\/?page_id=4344\">2 F\u00c9VRIER B : PR\u00c9SENTATION du SEIGNEUR<\/a><\/h3>\n<h3><a href=\"https:\/\/catecheses.org\/site\/?page_id=4346\">5e Dimanche ORDINAIRE B<\/a><\/h3>\n<h3><a href=\"https:\/\/catecheses.org\/site\/?page_id=4348\">6e Dimanche ORDINAIRE B<\/a><\/h3>\n<h4><span style=\"color: #ff0000;\">Les 7e, 8e et 9e Ordinaire n&rsquo;apparaissent que rarement et pas en 2018 !\u00a0<\/span><span style=\"color: #ff0000;\">Ils seront compl\u00e9t\u00e9s ult\u00e9rieurement.<\/span><\/h4>\n<h3><a href=\"https:\/\/catecheses.org\/site\/?page_id=4378\">7e Dimanche ORDINAIRE B<\/a><\/h3>\n<h3><a href=\"https:\/\/catecheses.org\/site\/?page_id=4383\">8e Dimanche ORDINAIRE B<\/a><\/h3>\n<h3><a href=\"https:\/\/catecheses.org\/site\/?page_id=4386\">MERCREDI DES CENDRES B<\/a><\/h3>\n<h3><a href=\"https:\/\/catecheses.org\/site\/?page_id=4390\">1er Dimanche de CAREME B : Tentations de J\u00e9sus<\/a><\/h3>\n<h3><a href=\"https:\/\/catecheses.org\/site\/?page_id=4393\">2e Dimanche de CAREME B : Transfiguration<\/a><\/h3>\n<h3><a href=\"https:\/\/catecheses.org\/site\/?page_id=4407\">3e Dimanche de CAREME B : R\u00e9surrection du Sanctuaire<\/a><\/h3>\n<h3><a href=\"https:\/\/catecheses.org\/site\/?page_id=4410\">4e Dimanche de CAREME B : La Lumi\u00e8re venue vers le monde<\/a><\/h3>\n<h3><a href=\"https:\/\/catecheses.org\/site\/?page_id=4414\">5e Dimanche de CAREME B : La Gloire par la Croix<\/a><\/h3>\n<h3><a href=\"https:\/\/catecheses.org\/site\/?page_id=4419\">Dimanche des RAMEAUX et de la PASSION<\/a><\/h3>\n<h2><a href=\"https:\/\/catecheses.org\/site\/?page_id=4425\">JEUDI SAINT B<\/a><\/h2>\n<h2><a href=\"https:\/\/catecheses.org\/site\/?page_id=4428\">VENDREDI SAINT B<\/a><\/h2>\n<h2><a href=\"https:\/\/catecheses.org\/site\/?page_id=4432\">VIGILE PASCALE B<\/a><\/h2>\n<h2><a href=\"https:\/\/catecheses.org\/site\/?page_id=4438\">JOUR DE PAQUES B<\/a><\/h2>\n<h3><a href=\"https:\/\/catecheses.org\/site\/?page_id=4449\">2e Dimanche de PAQUES B (QUASIMODO) ou de LA DIVINE MIS\u00c9RICORDE<\/a><\/h3>\n<h3><a href=\"https:\/\/catecheses.org\/site\/?page_id=4458\">3e Dimanche DE PAQUES B<\/a><\/h3>\n<h3><a href=\"https:\/\/catecheses.org\/site\/?page_id=4466\">4e Dimanche de PAQUES B<\/a><\/h3>\n<h3><a href=\"https:\/\/catecheses.org\/site\/?page_id=4475\">5e Dimanche de PAQUES B<\/a><\/h3>\n<h3><a href=\"https:\/\/catecheses.org\/site\/?page_id=4480\">6e Dimanche de PAQUES B<\/a><\/h3>\n<h2><a href=\"https:\/\/catecheses.org\/site\/?page_id=3907\">ASCENSION B<\/a><\/h2>\n<h3><a href=\"https:\/\/catecheses.org\/site\/?page_id=4486\">7e Dimanche de PAQUES B<\/a><\/h3>\n<h2><a href=\"https:\/\/catecheses.org\/site\/?page_id=4492\">PENTECOTE B (Jour)<\/a><\/h2>\n<h3><a href=\"https:\/\/catecheses.org\/site\/?page_id=4502\">Diamnche de la SAINTE TRINIT\u00c9 B<\/a><\/h3>\n<h3><a href=\"https:\/\/catecheses.org\/site\/?page_id=4505\">Dimanche du SAINT-SACREMENT ou Corps et Sang du CHRIST B<\/a><\/h3>\n<h3><a href=\"https:\/\/catecheses.org\/site\/?page_id=4513\">10e Dimanche ORDINAIRE B<\/a><\/h3>\n<h3><a href=\"https:\/\/catecheses.org\/site\/?page_id=4525\">23 JUIN VEILLE NATIVIT\u00c9 de JEAN BAPTISTE<\/a><\/h3>\n<h3><a href=\"https:\/\/catecheses.org\/site\/?page_id=4530\">24 JUIN NATIVIT\u00c9 DE JEAN BAPTISTE<\/a><\/h3>\n<h3><a href=\"https:\/\/catecheses.org\/site\/?page_id=4537\">29 JUIN SAINTS PIERRE et PAUL<\/a><\/h3>\n<h3><a href=\"https:\/\/catecheses.org\/site\/?page_id=4516\">11e Dimanche ORDINAIRE B<\/a><\/h3>\n<h3><span style=\"color: #ff0000;\"><a href=\"https:\/\/catecheses.org\/site\/?page_id=5435\"><span style=\"color: #000000;\">12e Dimanche ORDINAIRE B<\/span><\/a> (ne se pr\u00e9sente pas chaque ann\u00e9e B)<\/span><\/h3>\n<h3><a href=\"https:\/\/catecheses.org\/site\/?page_id=4541\">13e Dimanche ORDINAIRE B<\/a><\/h3>\n<h3><a href=\"https:\/\/catecheses.org\/site\/?page_id=4547\">14e Dimanche ORDINAIRE B<\/a><\/h3>\n<h3><a href=\"https:\/\/catecheses.org\/site\/?page_id=4559\">15e Dimanche ORDINAIRE B<\/a><\/h3>\n<h3><a href=\"https:\/\/catecheses.org\/site\/?page_id=4565\">16e Dimanche ORDINAIRE B<\/a><\/h3>\n<h3><a href=\"https:\/\/catecheses.org\/site\/?page_id=4579\">17e Dimanche ORDINAIRE B<\/a><\/h3>\n<h3><a href=\"https:\/\/catecheses.org\/site\/?page_id=4586\">31 JUILLET St IGNACE de LOYOLA<\/a><\/h3>\n<h3><a href=\"https:\/\/catecheses.org\/site\/?page_id=4593\">18e Dimanche ORDINAIRE B<\/a><\/h3>\n<h3><a href=\"https:\/\/catecheses.org\/site\/?page_id=4604\">19e Dimanche ORDINAIRE B<\/a><\/h3>\n<h3><a href=\"https:\/\/catecheses.org\/site\/?page_id=4609\">6 AO\u00dbT : TRANSFIGURATION<\/a><\/h3>\n<h3><a href=\"https:\/\/catecheses.org\/site\/?page_id=4618\">15 AO\u00dbT : ASSOMPTION de la VIERGE B (jour)<\/a><\/h3>\n<h3><a href=\"https:\/\/catecheses.org\/site\/?page_id=4623\">20e Dimanche ORDINAIRE B<\/a><\/h3>\n<h3><a href=\"https:\/\/catecheses.org\/site\/?page_id=4629\">21e Dimanche ORDINAIRE B<\/a><\/h3>\n<h3><a href=\"https:\/\/catecheses.org\/site\/?page_id=4635\">22e Dimanche ORDINAIRE B<\/a><\/h3>\n<h3><a href=\"https:\/\/catecheses.org\/site\/?page_id=4640\">23e Dimanche ORDINAIRE B<\/a><\/h3>\n<h3><a href=\"https:\/\/catecheses.org\/site\/?page_id=4642\">14 SEPTEMBRE : LA CROIX GLORIEUSE<\/a><\/h3>\n<h3><a href=\"https:\/\/catecheses.org\/site\/?page_id=4655\">24e Dimanche ORDINAIRE B<\/a><\/h3>\n<h3><a href=\"https:\/\/catecheses.org\/site\/?page_id=4661\">25e Dimanche ORDINAIRE B<\/a><\/h3>\n<h3><a href=\"https:\/\/catecheses.org\/site\/?page_id=4666\">26e Dimanche ORDINAIRE B<\/a><\/h3>\n<h3><a href=\"https:\/\/catecheses.org\/site\/?page_id=4669\">27e Dimanche ORDINAIRE B<\/a><\/h3>\n<h3><a href=\"https:\/\/catecheses.org\/site\/?page_id=4674\">28e Dimanche ORDINAIRE B<\/a><\/h3>\n<h3><a href=\"https:\/\/catecheses.org\/site\/?page_id=4676\">29e Dimanche ORDINAIRE B<\/a><\/h3>\n<h3><a href=\"https:\/\/catecheses.org\/site\/?page_id=4680\">30e Dimanche ORDINAIRE B<\/a><\/h3>\n<h2><a href=\"https:\/\/catecheses.org\/site\/?page_id=4689\">TOUSSAINT<\/a><\/h2>\n<p><em>FIDELES DEFUNTS B<\/em><\/p>\n<h3><a href=\"https:\/\/catecheses.org\/site\/?page_id=4687\">31e Dimanche ORDINAIRE B<\/a><\/h3>\n<h3><a href=\"https:\/\/catecheses.org\/site\/?page_id=4699\">9 Novembre : DEDICACE de SAINT JEAN DE LATRAN<\/a><\/h3>\n<h3><a href=\"https:\/\/catecheses.org\/site\/?page_id=4711\">32e Dimanche ORDINAIRE B<\/a><\/h3>\n<h3><a href=\"https:\/\/catecheses.org\/site\/?page_id=4724\">33e Dimanche ORDINAIRE B<\/a><\/h3>\n<h3><a href=\"https:\/\/catecheses.org\/site\/?page_id=4727\">34e Dimanche ORDINAIRE B : LE CHRIST-ROI<\/a><\/h3>\n","protected":false},"excerpt":{"rendered":"<p>INDICATIONS PR\u00c9ALABLES IMPORTANTES PLAN ANNEE B On restera attentif au fait que le plan retenu adopte un ordre fixe et ne tient pas compte de ce que certains dimanches et f\u00eates peuvent s&rsquo;intercaler diff\u00e9remment suivant les ann\u00e9es. 1er Dimanche AVENT B 8 D\u00c9CEMBRE : IMMACUL\u00c9E CONCEPTION 2e Dimanche AVENT B 3e Dimanche AVENT B 4e [&hellip;]<\/p>\n","protected":false},"author":1,"featured_media":0,"parent":2487,"menu_order":3,"comment_status":"closed","ping_status":"closed","template":"","meta":{"footnotes":""},"class_list":["post-2493","page","type-page","status-publish","hentry"],"_links":{"self":[{"href":"https:\/\/catecheses.org\/site\/index.php?rest_route=\/wp\/v2\/pages\/2493","targetHints":{"allow":["GET"]}}],"collection":[{"href":"https:\/\/catecheses.org\/site\/index.php?rest_route=\/wp\/v2\/pages"}],"about":[{"href":"https:\/\/catecheses.org\/site\/index.php?rest_route=\/wp\/v2\/types\/page"}],"author":[{"embeddable":true,"href":"https:\/\/catecheses.org\/site\/index.php?rest_route=\/wp\/v2\/users\/1"}],"replies":[{"embeddable":true,"href":"https:\/\/catecheses.org\/site\/index.php?rest_route=%2Fwp%2Fv2%2Fcomments&post=2493"}],"version-history":[{"count":139,"href":"https:\/\/catecheses.org\/site\/index.php?rest_route=\/wp\/v2\/pages\/2493\/revisions"}],"predecessor-version":[{"id":5439,"href":"https:\/\/catecheses.org\/site\/index.php?rest_route=\/wp\/v2\/pages\/2493\/revisions\/5439"}],"up":[{"embeddable":true,"href":"https:\/\/catecheses.org\/site\/index.php?rest_route=\/wp\/v2\/pages\/2487"}],"wp:attachment":[{"href":"https:\/\/catecheses.org\/site\/index.php?rest_route=%2Fwp%2Fv2%2Fmedia&parent=2493"}],"curies":[{"name":"wp","href":"https:\/\/api.w.org\/{rel}","templated":true}]}}